{"id":32,"date":"2025-12-05T16:31:01","date_gmt":"2025-12-05T15:31:01","guid":{"rendered":"https:\/\/kancelaria-wieczorek.pl\/?page_id=32"},"modified":"2025-12-09T15:17:18","modified_gmt":"2025-12-09T14:17:18","slug":"strona-glowna","status":"publish","type":"page","link":"https:\/\/kancelaria-wieczorek.pl\/","title":{"rendered":""},"content":{"rendered":"\n<div class=\"wp-block-cover alignfull is-light hestia-clear-top-padding\"><span aria-hidden=\"true\" class=\"wp-block-cover__background has-white-background-color has-background-dim-100 has-background-dim\"><\/span><div class=\"wp-block-cover__inner-container is-layout-flow wp-block-cover-is-layout-flow\">\n<h2 class=\"wp-block-heading has-text-align-center has-text-color\" style=\"color:#3c4858\">Dlaczego warto wybra\u0107 moj\u0105 kancelari\u0119?<\/h2>\n\n\n\n<div style=\"height:40px\" aria-hidden=\"true\" class=\"wp-block-spacer\"><\/div>\n\n\n\n<div class=\"wp-block-columns container is-layout-flex wp-container-core-columns-is-layout-28f84493 wp-block-columns-is-layout-flex\">\n<div class=\"wp-block-column is-layout-flow wp-block-column-is-layout-flow\"><div class=\"wp-block-image\">\n<figure class=\"aligncenter size-large\"><img decoding=\"async\" src=\"https:\/\/kancelaria-wieczorek.pl\/wp-content\/themes\/hestia\/assets\/img\/feat1.png\" alt=\"\" class=\"wp-image-70\"\/><\/figure>\n<\/div>\n\n\n<h5 class=\"wp-block-heading has-text-align-center has-text-color\" style=\"color:#3c4858;font-size:18px\">Twoje sprawy w dobrych r\u0119kach<\/h5>\n\n\n\n<p class=\"has-text-align-center has-text-color\" style=\"color:#999999;font-size:14px\">Jako radca prawny z wieloletnim do\u015bwiadczeniem zapewniam rzeteln\u0105 i skuteczn\u0105 pomoc prawn\u0105. Ka\u017cd\u0105 spraw\u0119 prowadz\u0119 osobi\u015bcie \u2013 masz pewno\u015b\u0107 pe\u0142nego zaanga\u017cowania i najwy\u017cszej jako\u015bci obs\u0142ugi.<\/p>\n\n\n\n<div style=\"height:25px\" aria-hidden=\"true\" class=\"wp-block-spacer\"><\/div>\n<\/div>\n\n\n\n<div class=\"wp-block-column is-layout-flow wp-block-column-is-layout-flow\"><div class=\"wp-block-image\">\n<figure class=\"aligncenter size-large\"><img decoding=\"async\" src=\"https:\/\/kancelaria-wieczorek.pl\/wp-content\/themes\/hestia\/assets\/img\/feat2.png\" alt=\"\" class=\"wp-image-71\"\/><\/figure>\n<\/div>\n\n\n<h5 class=\"wp-block-heading has-text-align-center has-text-color\" style=\"color:#3c4858;font-size:18px\">Indywidualne podej\u015bcie do klienta<\/h5>\n\n\n\n<p class=\"has-text-align-center has-text-color\" style=\"color:#999999;font-size:14px\">Rozumiem, \u017ce ka\u017cda sytuacja jest wyj\u0105tkowa. Dlatego s\u0142ucham, analizuj\u0119 i proponuj\u0119 rozwi\u0105zania dopasowane do Twoich potrzeb. Tw\u00f3j komfort i bezpiecze\u0144stwo prawne s\u0105 dla mnie priorytetem.<\/p>\n\n\n\n<div style=\"height:25px\" aria-hidden=\"true\" class=\"wp-block-spacer\"><\/div>\n<\/div>\n\n\n\n<div class=\"wp-block-column is-layout-flow wp-block-column-is-layout-flow\"><div class=\"wp-block-image\">\n<figure class=\"aligncenter size-large\"><img decoding=\"async\" src=\"https:\/\/kancelaria-wieczorek.pl\/wp-content\/themes\/hestia\/assets\/img\/feat3.png\" alt=\"\" class=\"wp-image-72\"\/><\/figure>\n<\/div>\n\n\n<h5 class=\"wp-block-heading has-text-align-center has-text-color\" style=\"color:#3c4858;font-size:18px\">Transparentno\u015b\u0107 i skuteczno\u015b\u0107<\/h5>\n\n\n\n<p class=\"has-text-align-center has-text-color\" style=\"color:#999999;font-size:14px\">Dzia\u0142am jasno i przejrzy\u015bcie \u2013 informuj\u0119 Ci\u0119 na ka\u017cdym etapie post\u0119powania. Moim celem jest szybkie i efektywne rozwi\u0105zanie Twojego problemu, aby\u015b m\u00f3g\u0142 skupi\u0107 si\u0119 na tym, co najwa\u017cniejsze.<\/p>\n\n\n\n<div style=\"height:25px\" aria-hidden=\"true\" class=\"wp-block-spacer\"><\/div>\n<\/div>\n<\/div>\n\n\n\n<div style=\"height:40px\" aria-hidden=\"true\" class=\"wp-block-spacer\"><\/div>\n<\/div><\/div>\n\n\n\n<h2 class=\"wp-block-heading has-text-align-center\">O mnie<\/h2>\n\n\n\n<h3 class=\"wp-block-heading has-text-align-left\"><img loading=\"lazy\" decoding=\"async\" width=\"150\" height=\"150\" class=\"wp-image-55\" style=\"width: 150px;\" src=\"https:\/\/kancelaria-wieczorek.pl\/wp-content\/uploads\/2025\/12\/Designer-2.png\" alt=\"\" srcset=\"https:\/\/kancelaria-wieczorek.pl\/wp-content\/uploads\/2025\/12\/Designer-2.png 1024w, https:\/\/kancelaria-wieczorek.pl\/wp-content\/uploads\/2025\/12\/Designer-2-300x300.png 300w, https:\/\/kancelaria-wieczorek.pl\/wp-content\/uploads\/2025\/12\/Designer-2-150x150.png 150w, https:\/\/kancelaria-wieczorek.pl\/wp-content\/uploads\/2025\/12\/Designer-2-768x768.png 768w\" sizes=\"auto, (max-width: 150px) 100vw, 150px\" \/><o-anim-typing>Radca Prawny Karolina Wieczorek<\/o-anim-typing><\/h3>\n\n\n\n<p>Uko\u0144czy\u0142am studia magisterskie na Wydziale Prawa i Administracji Uniwersytetu Miko\u0142aja Kopernika w Toruniu. Seminarium dyplomowe realizowa\u0142am w zakresie kryminalistyki, a temat mojej pracy magisterskiej brzmia\u0142: \u201eFa\u0142szerstwa dzie\u0142 sztuki i kryminalistyczne metody ich wykrywania\u201d.<\/p>\n\n\n\n<p><br>Nast\u0119pnie odby\u0142am aplikacj\u0119 radcowsk\u0105 przy Okr\u0119gowej Izbie Radc\u00f3w Prawnych w Katowicach, kt\u00f3r\u0105 zako\u0144czy\u0142am pozytywnym wynikiem egzaminu zawodowego.<\/p>\n\n\n\n<p><br>Do\u015bwiadczenie zawodowe zdobywa\u0142am w dzia\u0142ach prawnych instytucji pa\u0144stwowych, w dzia\u0142ach prawnych przedsi\u0119biorstw ubezpieczeniowych, a od kilku lat rozwijam praktyk\u0119 w kancelarii, \u015bwiadcz\u0105c kompleksow\u0105 obs\u0142ug\u0119 prawn\u0105 dla klient\u00f3w indywidualnych i biznesowych.<\/p>\n\n\n\n<p><\/p>\n","protected":false},"excerpt":{"rendered":"<p>O mnie Radca Prawny Karolina Wieczorek Uko\u0144czy\u0142am studia magisterskie na Wydziale Prawa i Administracji Uniwersytetu Miko\u0142aja Kopernika w Toruniu. Seminarium dyplomowe realizowa\u0142am w zakresie kryminalistyki, a temat mojej pracy magisterskiej brzmia\u0142: \u201eFa\u0142szerstwa dzie\u0142 sztuki i kryminalistyczne metody ich wykrywania\u201d. Nast\u0119pnie odby\u0142am aplikacj\u0119 radcowsk\u0105 przy Okr\u0119gowej Izbie Radc\u00f3w Prawnych w Katowicach, [&hellip;]<\/p>\n","protected":false},"author":1,"featured_media":11,"parent":0,"menu_order":0,"comment_status":"closed","ping_status":"closed","template":"","meta":{"_themeisle_gutenberg_block_has_review":false,"footnotes":""},"class_list":["post-32","page","type-page","status-publish","has-post-thumbnail","hentry"],"_links":{"self":[{"href":"https:\/\/kancelaria-wieczorek.pl\/index.php?rest_route=\/wp\/v2\/pages\/32","targetHints":{"allow":["GET"]}}],"collection":[{"href":"https:\/\/kancelaria-wieczorek.pl\/index.php?rest_route=\/wp\/v2\/pages"}],"about":[{"href":"https:\/\/kancelaria-wieczorek.pl\/index.php?rest_route=\/wp\/v2\/types\/page"}],"author":[{"embeddable":true,"href":"https:\/\/kancelaria-wieczorek.pl\/index.php?rest_route=\/wp\/v2\/users\/1"}],"replies":[{"embeddable":true,"href":"https:\/\/kancelaria-wieczorek.pl\/index.php?rest_route=%2Fwp%2Fv2%2Fcomments&post=32"}],"version-history":[{"count":4,"href":"https:\/\/kancelaria-wieczorek.pl\/index.php?rest_route=\/wp\/v2\/pages\/32\/revisions"}],"predecessor-version":[{"id":67,"href":"https:\/\/kancelaria-wieczorek.pl\/index.php?rest_route=\/wp\/v2\/pages\/32\/revisions\/67"}],"wp:featuredmedia":[{"embeddable":true,"href":"https:\/\/kancelaria-wieczorek.pl\/index.php?rest_route=\/wp\/v2\/media\/11"}],"wp:attachment":[{"href":"https:\/\/kancelaria-wieczorek.pl\/index.php?rest_route=%2Fwp%2Fv2%2Fmedia&parent=32"}],"curies":[{"name":"wp","href":"https:\/\/api.w.org\/{rel}","templated":true}]}}